{"id":226,"date":"2020-08-31T11:46:54","date_gmt":"2020-08-31T14:46:54","guid":{"rendered":"http:\/\/www.centraldenoticias.com.ar\/?page_id=226"},"modified":"2025-04-07T17:22:09","modified_gmt":"2025-04-07T20:22:09","slug":"quienes-somos","status":"publish","type":"page","link":"https:\/\/cdnoticias.com\/index.php\/quienes-somos\/","title":{"rendered":"Quienes Somos"},"content":{"rendered":"\n<figure class=\"wp-block-image size-full\"><img data-recalc-dims=\"1\" loading=\"lazy\" decoding=\"async\" width=\"800\" height=\"115\" src=\"https:\/\/i0.wp.com\/cdnoticias.com\/wp-content\/uploads\/2024\/01\/quienes-somos-olavarria.png?resize=800%2C115&#038;ssl=1\" alt=\"\" class=\"wp-image-106522\" srcset=\"https:\/\/i0.wp.com\/cdnoticias.com\/wp-content\/uploads\/2024\/01\/quienes-somos-olavarria.png?w=800&amp;ssl=1 800w, https:\/\/i0.wp.com\/cdnoticias.com\/wp-content\/uploads\/2024\/01\/quienes-somos-olavarria.png?resize=300%2C43&amp;ssl=1 300w, https:\/\/i0.wp.com\/cdnoticias.com\/wp-content\/uploads\/2024\/01\/quienes-somos-olavarria.png?resize=768%2C110&amp;ssl=1 768w\" sizes=\"auto, (max-width: 800px) 100vw, 800px\" \/><\/figure>\n\n\n<p><strong>\u00a1Hola! \u00bfC\u00f3mo est\u00e1s?<\/strong><\/p>\n<p>Central de Noticias es un medio de comunicaci\u00f3n que naci\u00f3 durante la pandemia mundial del COVID-19. Nos dijeron que era imposible o que no era el momento para iniciar ning\u00fan emprendimiento, pero estamos convencidos que las crisis pueden propiciar oportunidades.<\/p>\n<p>Como periodistas queremos apuntar a una estructura no tradicional de comunicaci\u00f3n incorporando nuevas plataformas y canales de informaci\u00f3n. Queremos tomar nuestras propias decisiones y apostar a una comunicaci\u00f3n democr\u00e1tica y plural.<\/p>\n<p>Creemos firmemente en el derecho a la informaci\u00f3n que tienen las comunidades y a la necesidad de construir una comunicaci\u00f3n horizontal y honesta. Ese es nuestro objetivo y nuestro sue\u00f1o.<\/p>\n<p>Quienes formamos Central de Noticias tenemos un recorrido por distintos medios de la ciudad de Olavarr\u00eda. La pandemia, la crisis que atraviesan los medios de comunicaci\u00f3n, la precarizaci\u00f3n laboral que soportan los trabajadores de medios y el anhelo de vivir de lo que nos apasiona, nos llev\u00f3 -contra todo pron\u00f3stico- a fundar nuestro propio espacio.<\/p>\n<p>Sabemos que no es una tarea sencilla. Estamos dispuestas y dispuestos a aceptar el desaf\u00edo. Gracias por leernos y apostar a un periodismo hecho por periodistas.<\/p>\n<p><strong>El equipo de Central de Noticias<\/strong><\/p>\n<p><strong><img data-recalc-dims=\"1\" loading=\"lazy\" decoding=\"async\" class=\"alignnone size-medium wp-image-123\" src=\"https:\/\/i0.wp.com\/cdnoticias.com\/wp-content\/uploads\/2020\/08\/logo-FINAL-96-1.png?resize=300%2C49&#038;ssl=1\" alt=\"\" width=\"300\" height=\"49\" srcset=\"https:\/\/i0.wp.com\/cdnoticias.com\/wp-content\/uploads\/2020\/08\/logo-FINAL-96-1.png?resize=300%2C49&amp;ssl=1 300w, https:\/\/i0.wp.com\/cdnoticias.com\/wp-content\/uploads\/2020\/08\/logo-FINAL-96-1.png?w=756&amp;ssl=1 756w\" sizes=\"auto, (max-width: 300px) 100vw, 300px\" \/><\/strong><\/p>\n<p>\u00a0<\/p>\n\n\n<figure class=\"wp-block-image size-full\"><img data-recalc-dims=\"1\" loading=\"lazy\" decoding=\"async\" width=\"796\" height=\"1280\" src=\"https:\/\/i0.wp.com\/cdnoticias.com\/wp-content\/uploads\/2025\/04\/staff-completo.jpg?resize=796%2C1280&#038;ssl=1\" alt=\"\" class=\"wp-image-168424\" srcset=\"https:\/\/i0.wp.com\/cdnoticias.com\/wp-content\/uploads\/2025\/04\/staff-completo.jpg?w=796&amp;ssl=1 796w, https:\/\/i0.wp.com\/cdnoticias.com\/wp-content\/uploads\/2025\/04\/staff-completo.jpg?resize=187%2C300&amp;ssl=1 187w, https:\/\/i0.wp.com\/cdnoticias.com\/wp-content\/uploads\/2025\/04\/staff-completo.jpg?resize=637%2C1024&amp;ssl=1 637w, https:\/\/i0.wp.com\/cdnoticias.com\/wp-content\/uploads\/2025\/04\/staff-completo.jpg?resize=768%2C1235&amp;ssl=1 768w\" sizes=\"auto, (max-width: 796px) 100vw, 796px\" \/><\/figure>\n","protected":false},"excerpt":{"rendered":"<p>\u00a1Hola! \u00bfC\u00f3mo est\u00e1s? Central de Noticias es un medio de comunicaci\u00f3n que naci\u00f3 durante la pandemia mundial del COVID-19. Nos<\/p>\n","protected":false},"author":1,"featured_media":0,"parent":0,"menu_order":0,"comment_status":"closed","ping_status":"closed","template":"","meta":{"footnotes":""},"class_list":["post-226","page","type-page","status-publish","hentry"],"jetpack_sharing_enabled":true,"_links":{"self":[{"href":"https:\/\/cdnoticias.com\/index.php\/wp-json\/wp\/v2\/pages\/226","targetHints":{"allow":["GET"]}}],"collection":[{"href":"https:\/\/cdnoticias.com\/index.php\/wp-json\/wp\/v2\/pages"}],"about":[{"href":"https:\/\/cdnoticias.com\/index.php\/wp-json\/wp\/v2\/types\/page"}],"author":[{"embeddable":true,"href":"https:\/\/cdnoticias.com\/index.php\/wp-json\/wp\/v2\/users\/1"}],"replies":[{"embeddable":true,"href":"https:\/\/cdnoticias.com\/index.php\/wp-json\/wp\/v2\/comments?post=226"}],"version-history":[{"count":0,"href":"https:\/\/cdnoticias.com\/index.php\/wp-json\/wp\/v2\/pages\/226\/revisions"}],"wp:attachment":[{"href":"https:\/\/cdnoticias.com\/index.php\/wp-json\/wp\/v2\/media?parent=226"}],"curies":[{"name":"wp","href":"https:\/\/api.w.org\/{rel}","templated":true}]}}